{"id":70,"date":"2018-11-07T16:02:48","date_gmt":"2018-11-07T15:02:48","guid":{"rendered":"http:\/\/www.be-right.eu\/?page_id=70"},"modified":"2018-11-16T16:11:19","modified_gmt":"2018-11-16T15:11:19","slug":"solutions","status":"publish","type":"page","link":"https:\/\/www.be-right.eu\/index.php\/solutions\/","title":{"rendered":"Solutions"},"content":{"rendered":"<figure><a href=\"http:\/\/www.be-right.eu\/index.php\/solutions\/br-time\/\"><img loading=\"lazy\" decoding=\"async\" width=\"225\" height=\"225\" src=\"http:\/\/www.be-right.eu\/wp-content\/uploads\/2018\/11\/calendrier225blue.jpg\" alt=\"\" srcset=\"http:\/\/www.be-right.eu\/wp-content\/uploads\/2018\/11\/calendrier225blue.jpg 225w, http:\/\/www.be-right.eu\/wp-content\/uploads\/2018\/11\/calendrier225blue-150x150.jpg 150w, http:\/\/www.be-right.eu\/wp-content\/uploads\/2018\/11\/calendrier225blue-60x60.jpg 60w\" sizes=\"auto, (max-width: 225px) 100vw, 225px\" \/><\/a><\/figure>\n<h3><a href=\"http:\/\/www.be-right.eu\/index.php\/solutions\/br-time\/\">BR-Time<\/a><\/h3>\n<p>\nGestion de planning chantiers mutlti-<br \/>\ntechniciens et multi-soci\u00e9t\u00e9s<\/p>\n<p>\t\t\t<a href=\"http:\/\/www.be-right.eu\/index.php\/solutions\/br-time\/\" role=\"button\"><br \/>\n\t\t\t\t\t\t+<br \/>\n\t\t\t\t\t<\/a><\/p>\n<figure><a href=\"http:\/\/www.be-right.eu\/index.php\/solutions\/br-id\/\"><img loading=\"lazy\" decoding=\"async\" width=\"300\" height=\"300\" src=\"http:\/\/www.be-right.eu\/wp-content\/uploads\/2018\/11\/rfid_icon400-300x300.jpg\" alt=\"\" srcset=\"http:\/\/www.be-right.eu\/wp-content\/uploads\/2018\/11\/rfid_icon400-300x300.jpg 300w, http:\/\/www.be-right.eu\/wp-content\/uploads\/2018\/11\/rfid_icon400-150x150.jpg 150w, http:\/\/www.be-right.eu\/wp-content\/uploads\/2018\/11\/rfid_icon400-370x370.jpg 370w, http:\/\/www.be-right.eu\/wp-content\/uploads\/2018\/11\/rfid_icon400-60x60.jpg 60w, http:\/\/www.be-right.eu\/wp-content\/uploads\/2018\/11\/rfid_icon400.jpg 500w\" sizes=\"auto, (max-width: 300px) 100vw, 300px\" \/><\/a><\/figure>\n<h3><a href=\"http:\/\/www.be-right.eu\/index.php\/solutions\/br-id\/\">BR-ID<\/a><\/h3>\n<p>Gestion RFID du mat\u00e9riel<br \/>Entrep\u00f4t ou chantier<\/p>\n<p>\t\t\t<a href=\"http:\/\/www.be-right.eu\/index.php\/solutions\/rfid-2\/\" role=\"button\"><br \/>\n\t\t\t\t\t\t+<br \/>\n\t\t\t\t\t<\/a><\/p>\n<figure><img loading=\"lazy\" decoding=\"async\" width=\"300\" height=\"300\" src=\"http:\/\/www.be-right.eu\/wp-content\/uploads\/2018\/11\/tablettewifi500-300x300.jpg\" alt=\"\" srcset=\"http:\/\/www.be-right.eu\/wp-content\/uploads\/2018\/11\/tablettewifi500-300x300.jpg 300w, http:\/\/www.be-right.eu\/wp-content\/uploads\/2018\/11\/tablettewifi500-150x150.jpg 150w, http:\/\/www.be-right.eu\/wp-content\/uploads\/2018\/11\/tablettewifi500.jpg 500w, http:\/\/www.be-right.eu\/wp-content\/uploads\/2018\/11\/tablettewifi500-370x370.jpg 370w, http:\/\/www.be-right.eu\/wp-content\/uploads\/2018\/11\/tablettewifi500-60x60.jpg 60w\" sizes=\"auto, (max-width: 300px) 100vw, 300px\" \/><\/figure>\n<h3>Sur mesure<\/h3>\n<p>D\u00e9veloppement sp\u00e9cifique suivant cahier des charges<\/p>\n<p>\t\t\t<a href=\"#\" role=\"button\"><br \/>\n\t\t\t\t\t\t+<br \/>\n\t\t\t\t\t<\/a><\/p>\n<figure><img loading=\"lazy\" decoding=\"async\" width=\"300\" height=\"194\" src=\"http:\/\/www.be-right.eu\/wp-content\/uploads\/2018\/11\/pdfaY500-1-300x194.jpg\" alt=\"\" srcset=\"http:\/\/www.be-right.eu\/wp-content\/uploads\/2018\/11\/pdfaY500-1-300x194.jpg 300w, http:\/\/www.be-right.eu\/wp-content\/uploads\/2018\/11\/pdfaY500-1-768x497.jpg 768w, http:\/\/www.be-right.eu\/wp-content\/uploads\/2018\/11\/pdfaY500-1-770x499.jpg 770w, http:\/\/www.be-right.eu\/wp-content\/uploads\/2018\/11\/pdfaY500-1-370x240.jpg 370w, http:\/\/www.be-right.eu\/wp-content\/uploads\/2018\/11\/pdfaY500-1-93x60.jpg 93w, http:\/\/www.be-right.eu\/wp-content\/uploads\/2018\/11\/pdfaY500-1.jpg 772w\" sizes=\"auto, (max-width: 300px) 100vw, 300px\" \/><\/figure>\n<h3>Archivage PDF<\/h3>\n<p>Archivage automatique de documents en pdf via QRcode<\/p>\n<p>\t\t\t<a href=\"#\" role=\"button\"><br \/>\n\t\t\t\t\t\t+<br \/>\n\t\t\t\t\t<\/a><\/p>\n","protected":false},"excerpt":{"rendered":"<p>BR-Time Gestion de planning chantiers mutlti- techniciens et multi-soci\u00e9t\u00e9s + BR-ID Gestion RFID du mat\u00e9rielEntrep\u00f4t ou chantier + Sur mesure D\u00e9veloppement sp\u00e9cifique suivant cahier des charges + Archivage PDF Archivage automatique de documents en pdf via QRcode +<\/p>\n","protected":false},"author":1,"featured_media":0,"parent":0,"menu_order":0,"comment_status":"closed","ping_status":"closed","template":"elementor_header_footer","meta":{"footnotes":""},"class_list":["post-70","page","type-page","status-publish","hentry","latest_post"],"jetpack_sharing_enabled":true,"_links":{"self":[{"href":"https:\/\/www.be-right.eu\/index.php\/wp-json\/wp\/v2\/pages\/70","targetHints":{"allow":["GET"]}}],"collection":[{"href":"https:\/\/www.be-right.eu\/index.php\/wp-json\/wp\/v2\/pages"}],"about":[{"href":"https:\/\/www.be-right.eu\/index.php\/wp-json\/wp\/v2\/types\/page"}],"author":[{"embeddable":true,"href":"https:\/\/www.be-right.eu\/index.php\/wp-json\/wp\/v2\/users\/1"}],"replies":[{"embeddable":true,"href":"https:\/\/www.be-right.eu\/index.php\/wp-json\/wp\/v2\/comments?post=70"}],"version-history":[{"count":51,"href":"https:\/\/www.be-right.eu\/index.php\/wp-json\/wp\/v2\/pages\/70\/revisions"}],"predecessor-version":[{"id":440,"href":"https:\/\/www.be-right.eu\/index.php\/wp-json\/wp\/v2\/pages\/70\/revisions\/440"}],"wp:attachment":[{"href":"https:\/\/www.be-right.eu\/index.php\/wp-json\/wp\/v2\/media?parent=70"}],"curies":[{"name":"wp","href":"https:\/\/api.w.org\/{rel}","templated":true}]}}