{"id":501,"date":"2024-03-21T17:05:30","date_gmt":"2024-03-21T16:05:30","guid":{"rendered":"https:\/\/www.be-right.eu\/?page_id=501"},"modified":"2024-03-21T17:05:32","modified_gmt":"2024-03-21T16:05:32","slug":"politique-de-confidentialite","status":"publish","type":"page","link":"https:\/\/www.be-right.eu\/index.php\/politique-de-confidentialite\/","title":{"rendered":"Politique de confidentialit\u00e9"},"content":{"rendered":"\n<p><strong>Introduction<\/strong><\/p>\n\n\n\n<p>Cette politique de confidentialit\u00e9 d\u00e9crit comment nos applications g\u00e8rent les informations que vous nous fournissez lorsque vous l&#8217;utilisez. Nous nous engageons \u00e0 prot\u00e9ger votre vie priv\u00e9e et \u00e0 ne pas collecter de donn\u00e9es personnelles sans votre consentement.<\/p>\n\n\n\n<p><strong>Collecte d&#8217;Informations<\/strong><\/p>\n\n\n\n<p>Nos applications ne collectent aucune donn\u00e9e personnelle. Nous ne demandons pas d&#8217;informations telles que votre nom, adresse e-mail, num\u00e9ro de t\u00e9l\u00e9phone, etc.<\/p>\n\n\n\n<p><strong>Utilisation des Donn\u00e9es<\/strong><\/p>\n\n\n\n<p>\u00c9tant donn\u00e9 que nous ne collectons pas de donn\u00e9es personnelles, nous n&#8217;utilisons aucune information \u00e0 des fins de marketing, de publicit\u00e9 ou de profilage.<\/p>\n\n\n\n<p><strong>Partage d&#8217;Informations<\/strong><\/p>\n\n\n\n<p>Nous ne partageons aucune information avec des tiers, car nous ne collectons pas de donn\u00e9es personnelles.<\/p>\n\n\n\n<p><strong>S\u00e9curit\u00e9<\/strong><\/p>\n\n\n\n<p>Nous prenons des mesures pour prot\u00e9ger vos informations, m\u00eame si nous n&#8217;en collectons pas. Notre application est con\u00e7ue pour garantir la confidentialit\u00e9 de vos interactions.<\/p>\n\n\n\n<p><strong>Modifications de la Politique de Confidentialit\u00e9<\/strong><\/p>\n\n\n\n<p>Nous pouvons mettre \u00e0 jour cette politique de confidentialit\u00e9 \u00e0 tout moment. Toute modification sera publi\u00e9e sur cette page.<\/p>\n\n\n\n<p><strong>Contact<\/strong><\/p>\n\n\n\n<p>Si vous avez des questions concernant notre politique de confidentialit\u00e9, veuillez nous contacter \u00e0 l&#8217;adresse suivante : info@be-right.eu.<\/p>\n","protected":false},"excerpt":{"rendered":"<p>Introduction Cette politique de confidentialit\u00e9 d\u00e9crit comment nos applications g\u00e8rent les informations que vous nous fournissez lorsque vous l&#8217;utilisez. Nous nous engageons \u00e0 prot\u00e9ger votre vie priv\u00e9e et \u00e0 ne pas collecter de donn\u00e9es personnelles sans votre consentement. Collecte d&#8217;Informations Nos applications ne collectent aucune donn\u00e9e personnelle. Nous ne demandons pas d&#8217;informations telles que votre &hellip; <\/p>\n","protected":false},"author":2,"featured_media":0,"parent":0,"menu_order":0,"comment_status":"closed","ping_status":"closed","template":"","meta":{"footnotes":""},"class_list":["post-501","page","type-page","status-publish","hentry","latest_post"],"jetpack_sharing_enabled":true,"_links":{"self":[{"href":"https:\/\/www.be-right.eu\/index.php\/wp-json\/wp\/v2\/pages\/501","targetHints":{"allow":["GET"]}}],"collection":[{"href":"https:\/\/www.be-right.eu\/index.php\/wp-json\/wp\/v2\/pages"}],"about":[{"href":"https:\/\/www.be-right.eu\/index.php\/wp-json\/wp\/v2\/types\/page"}],"author":[{"embeddable":true,"href":"https:\/\/www.be-right.eu\/index.php\/wp-json\/wp\/v2\/users\/2"}],"replies":[{"embeddable":true,"href":"https:\/\/www.be-right.eu\/index.php\/wp-json\/wp\/v2\/comments?post=501"}],"version-history":[{"count":1,"href":"https:\/\/www.be-right.eu\/index.php\/wp-json\/wp\/v2\/pages\/501\/revisions"}],"predecessor-version":[{"id":502,"href":"https:\/\/www.be-right.eu\/index.php\/wp-json\/wp\/v2\/pages\/501\/revisions\/502"}],"wp:attachment":[{"href":"https:\/\/www.be-right.eu\/index.php\/wp-json\/wp\/v2\/media?parent=501"}],"curies":[{"name":"wp","href":"https:\/\/api.w.org\/{rel}","templated":true}]}}