{"id":140,"date":"2018-11-08T16:41:48","date_gmt":"2018-11-08T15:41:48","guid":{"rendered":"http:\/\/www.be-right.eu\/?page_id=140"},"modified":"2018-11-11T22:08:45","modified_gmt":"2018-11-11T21:08:45","slug":"br-id","status":"publish","type":"page","link":"https:\/\/www.be-right.eu\/index.php\/solutions\/br-id\/","title":{"rendered":"BR-ID"},"content":{"rendered":"<h2>BR-ID : Suivi du mat\u00e9riel chantier via RFID<\/h2>\n<figure><img loading=\"lazy\" decoding=\"async\" src=\"http:\/\/www.be-right.eu\/wp-content\/uploads\/2018\/11\/rfid-1.png\" sizes=\"auto, (max-width: 938px) 100vw, 938px\" srcset=\"http:\/\/www.be-right.eu\/wp-content\/uploads\/2018\/11\/rfid-1.png 938w, http:\/\/www.be-right.eu\/wp-content\/uploads\/2018\/11\/rfid-1-300x139.png 300w, http:\/\/www.be-right.eu\/wp-content\/uploads\/2018\/11\/rfid-1-768x357.png 768w, http:\/\/www.be-right.eu\/wp-content\/uploads\/2018\/11\/rfid-1-129x60.png 129w\" alt=\"\" width=\"938\" height=\"436\" \/><\/figure>\n<h4>Mais o\u00f9 est donc pass\u00e9 cette foreuse ?<\/h4>\n<p>Plusieurs techniciens, plusieurs chantiers, plusieurs camionnettes : pas \u00e9vident de retrouver les outils.<\/p>\n<p>Avec <b>BR-ID<\/b>, les techniciens inscrivent leur identifiant personnel dans une application et le mat\u00e9riel identifi\u00e9 automatiquement par puce RFID passive (en passant dans une porte) est associ\u00e9 au chantier repris dans le planning du technicien. Au retour, le mat\u00e9riel est &#8216;lib\u00e9r\u00e9&#8217; du chantier en repassant dans la porte .<\/p>\n<p><img loading=\"lazy\" decoding=\"async\" src=\"http:\/\/www.be-right.eu\/wp-content\/uploads\/2018\/11\/inventaire-770x499.jpg\" sizes=\"auto, (max-width: 770px) 100vw, 770px\" srcset=\"http:\/\/www.be-right.eu\/wp-content\/uploads\/2018\/11\/inventaire-770x499.jpg 770w, http:\/\/www.be-right.eu\/wp-content\/uploads\/2018\/11\/inventaire-370x240.jpg 370w\" alt=\"\" width=\"770\" height=\"499\" \/><\/p>\n<p>Les badges actifs permettent d&#8217;<strong>identifier et localiser rapidement<\/strong>\u00a0un objet ou une palette marqu\u00e9 dans une zone de stockage. Le faible encombrement et la<strong>\u00a0forte autonomie (&gt;10 ans)<\/strong>\u00a0de ces Tags RFID actifs facilite l&#8217;installation et la maintenance du syst\u00e8me.<br \/>\nLe syst\u00e8me est dimensionn\u00e9 pour fonctionner simultan\u00e9ment avec un\u00a0<strong>nombre tr\u00e8s important de tags RFID (&gt;20000)<\/strong>.<br \/>\nLa\u00a0<strong>port\u00e9e \u00e9lev\u00e9e<\/strong>\u00a0des Tags RFID r\u00e9duit le maillage des lecteurs dans l&#8217;entrep\u00f4t (1 lecteur pour 1000 m\u00b2 en moyenne).<\/p>\n<p>Le logiciel middleware RFID\u00a0 permet de communiquer avec le r\u00e9seau de lecteurs RFID et<strong>\u00a0archiver les donn\u00e9es dans une base de donn\u00e9es ouverte\u00a0<\/strong>afin d&#8217;en faciliter l&#8217;<strong>int\u00e9gration m\u00e9tier<\/strong>.<\/p>\n<p><img loading=\"lazy\" decoding=\"async\" src=\"http:\/\/www.be-right.eu\/wp-content\/uploads\/2018\/11\/Ruptela-Plug4-GPS-tracker-619x810.jpg\" sizes=\"auto, (max-width: 619px) 100vw, 619px\" srcset=\"http:\/\/www.be-right.eu\/wp-content\/uploads\/2018\/11\/Ruptela-Plug4-GPS-tracker-619x810.jpg 619w, http:\/\/www.be-right.eu\/wp-content\/uploads\/2018\/11\/Ruptela-Plug4-GPS-tracker-619x810-229x300.jpg 229w, http:\/\/www.be-right.eu\/wp-content\/uploads\/2018\/11\/Ruptela-Plug4-GPS-tracker-619x810-46x60.jpg 46w\" alt=\"\" width=\"619\" height=\"810\" \/><\/p>\n<p>Avec un GPS tracker sur port ODB II (pr\u00e9sent dans tous les v\u00e9hicules et camionnette), vous g\u00e9olocalisez vos v\u00e9hicules en temps r\u00e9el sur un simple click dans le logiciel de planning BR-TIME.\u00a0 Ainsi, fini les appels pour savoir si le technicien est en route pour un chantier ou s&#8217;il a d\u00e9j\u00e0 quitt\u00e9<\/p>\n","protected":false},"excerpt":{"rendered":"<p>BR-ID : Suivi du mat\u00e9riel chantier via RFID Mais o\u00f9 est donc pass\u00e9 cette foreuse ? Plusieurs techniciens, plusieurs chantiers, plusieurs camionnettes : pas \u00e9vident de retrouver les outils. Avec BR-ID, les techniciens inscrivent leur identifiant personnel dans une application et le mat\u00e9riel identifi\u00e9 automatiquement par puce RFID passive (en passant dans une porte) est &hellip; <\/p>\n","protected":false},"author":1,"featured_media":0,"parent":70,"menu_order":1,"comment_status":"closed","ping_status":"closed","template":"","meta":{"footnotes":""},"class_list":["post-140","page","type-page","status-publish","hentry","latest_post"],"jetpack_sharing_enabled":true,"_links":{"self":[{"href":"https:\/\/www.be-right.eu\/index.php\/wp-json\/wp\/v2\/pages\/140","targetHints":{"allow":["GET"]}}],"collection":[{"href":"https:\/\/www.be-right.eu\/index.php\/wp-json\/wp\/v2\/pages"}],"about":[{"href":"https:\/\/www.be-right.eu\/index.php\/wp-json\/wp\/v2\/types\/page"}],"author":[{"embeddable":true,"href":"https:\/\/www.be-right.eu\/index.php\/wp-json\/wp\/v2\/users\/1"}],"replies":[{"embeddable":true,"href":"https:\/\/www.be-right.eu\/index.php\/wp-json\/wp\/v2\/comments?post=140"}],"version-history":[{"count":6,"href":"https:\/\/www.be-right.eu\/index.php\/wp-json\/wp\/v2\/pages\/140\/revisions"}],"predecessor-version":[{"id":382,"href":"https:\/\/www.be-right.eu\/index.php\/wp-json\/wp\/v2\/pages\/140\/revisions\/382"}],"up":[{"embeddable":true,"href":"https:\/\/www.be-right.eu\/index.php\/wp-json\/wp\/v2\/pages\/70"}],"wp:attachment":[{"href":"https:\/\/www.be-right.eu\/index.php\/wp-json\/wp\/v2\/media?parent=140"}],"curies":[{"name":"wp","href":"https:\/\/api.w.org\/{rel}","templated":true}]}}