{"id":139,"date":"2018-11-08T09:30:10","date_gmt":"2018-11-08T08:30:10","guid":{"rendered":"http:\/\/www.be-right.eu\/?page_id=139"},"modified":"2018-11-14T16:18:01","modified_gmt":"2018-11-14T15:18:01","slug":"br-time","status":"publish","type":"page","link":"https:\/\/www.be-right.eu\/index.php\/solutions\/br-time\/","title":{"rendered":"BR-Time"},"content":{"rendered":"<h3>BR-Time : un planning pour vos chantiers<\/h3>\n<h4>\n\t\t\t\t\tGestion des entretiens<br \/>\n\t\t\t\t<\/h4>\n<\/p>\n<ul>\n<li >\n\t\t\t\t\t\t\t\t\t\tIdentification sur base de la date anniversaire du contrat\n\t\t\t\t\t\t\t\t\t<\/li>\n<li >\n\t\t\t\t\t\t\t\t\t\tIdentification sur base de la date du dernier entretien\n\t\t\t\t\t\t\t\t\t<\/li>\n<li >\n\t\t\t\t\t\t\t\t\t\tRapport tablette\n\t\t\t\t\t\t\t\t\t<\/li>\n<li >\n\t\t\t\t\t\t\t\t\t\tConfirmation par SMS\n\t\t\t\t\t\t\t\t\t<\/li>\n<li >\n\t\t\t\t\t\t\t\t\t\tLiaison du mat\u00e9riel \u00e0 facturer\n\t\t\t\t\t\t\t\t\t<\/li>\n<\/ul>\n<p>\t\t\t\t\t\t\t\t\t\t<img loading=\"lazy\" decoding=\"async\" width=\"900\" height=\"399\" src=\"http:\/\/www.be-right.eu\/wp-content\/uploads\/2018\/11\/double.png\" alt=\"\" srcset=\"http:\/\/www.be-right.eu\/wp-content\/uploads\/2018\/11\/double.png 900w, http:\/\/www.be-right.eu\/wp-content\/uploads\/2018\/11\/double-300x133.png 300w, http:\/\/www.be-right.eu\/wp-content\/uploads\/2018\/11\/double-768x340.png 768w, http:\/\/www.be-right.eu\/wp-content\/uploads\/2018\/11\/double-135x60.png 135w\" sizes=\"auto, (max-width: 900px) 100vw, 900px\" \/><br \/>\n\t\t\t\t\t\t\t\t\t\t<img loading=\"lazy\" decoding=\"async\" width=\"706\" height=\"458\" src=\"http:\/\/www.be-right.eu\/wp-content\/uploads\/2018\/11\/CaptureSMS.png\" alt=\"\" srcset=\"http:\/\/www.be-right.eu\/wp-content\/uploads\/2018\/11\/CaptureSMS.png 706w, http:\/\/www.be-right.eu\/wp-content\/uploads\/2018\/11\/CaptureSMS-300x195.png 300w, http:\/\/www.be-right.eu\/wp-content\/uploads\/2018\/11\/CaptureSMS-370x240.png 370w, http:\/\/www.be-right.eu\/wp-content\/uploads\/2018\/11\/CaptureSMS-92x60.png 92w\" sizes=\"auto, (max-width: 706px) 100vw, 706px\" \/><br \/>\n\t\t\t\t\t\t\t\t\t\t<img loading=\"lazy\" decoding=\"async\" width=\"150\" height=\"150\" src=\"http:\/\/www.be-right.eu\/wp-content\/uploads\/2018\/11\/CapturePlanningActions-150x150.png\" alt=\"\" srcset=\"http:\/\/www.be-right.eu\/wp-content\/uploads\/2018\/11\/CapturePlanningActions-150x150.png 150w, http:\/\/www.be-right.eu\/wp-content\/uploads\/2018\/11\/CapturePlanningActions-370x370.png 370w\" sizes=\"auto, (max-width: 150px) 100vw, 150px\" \/>\t\t\t\t\t\t\t\t\t\t\t<\/p>\n<h4>\n\t\t\t\t\tGestion des d\u00e9pannages<br \/>\n\t\t\t\t<\/h4>\n<\/p>\n<ul>\n<li >\n\t\t\t\t\t\t\t\t\t\tRapport tablette\n\t\t\t\t\t\t\t\t\t<\/li>\n<li >\n\t\t\t\t\t\t\t\t\t\tLiason du mat\u00e9riel \u00e0 facturer\n\t\t\t\t\t\t\t\t\t<\/li>\n<li >\n\t\t\t\t\t\t\t\t\t\tConfirmation par SMS\n\t\t\t\t\t\t\t\t\t<\/li>\n<\/ul>\n<h4>\n\t\t\t\t\tGestion des chantiers<br \/>\n\t\t\t\t<\/h4>\n<\/p>\n<ul>\n<li >\n\t\t\t\t\t\t\t\t\t\tCarte des rendez-vous\n\t\t\t\t\t\t\t\t\t<\/li>\n<li >\n\t\t\t\t\t\t\t\t\t\tGeolocalisation par tracker (boitier optionnel)\n\t\t\t\t\t\t\t\t\t<\/li>\n<li >\n\t\t\t\t\t\t\t\t\t\tConfirmation par SMS\n\t\t\t\t\t\t\t\t\t<\/li>\n<\/ul>\n<p>\t\t\t\t\t\t\t\t\t\t<img loading=\"lazy\" decoding=\"async\" width=\"300\" height=\"269\" src=\"http:\/\/www.be-right.eu\/wp-content\/uploads\/2018\/11\/CaptureLocalisationRdv-300x269.png\" alt=\"\" srcset=\"http:\/\/www.be-right.eu\/wp-content\/uploads\/2018\/11\/CaptureLocalisationRdv-300x269.png 300w, http:\/\/www.be-right.eu\/wp-content\/uploads\/2018\/11\/CaptureLocalisationRdv-768x687.png 768w, http:\/\/www.be-right.eu\/wp-content\/uploads\/2018\/11\/CaptureLocalisationRdv-67x60.png 67w, http:\/\/www.be-right.eu\/wp-content\/uploads\/2018\/11\/CaptureLocalisationRdv.png 1001w\" sizes=\"auto, (max-width: 300px) 100vw, 300px\" \/><br \/>\n\t\t\t\t\t\t\t\t\t\t<img loading=\"lazy\" decoding=\"async\" width=\"900\" height=\"399\" src=\"http:\/\/www.be-right.eu\/wp-content\/uploads\/2018\/11\/double.png\" alt=\"\" srcset=\"http:\/\/www.be-right.eu\/wp-content\/uploads\/2018\/11\/double.png 900w, http:\/\/www.be-right.eu\/wp-content\/uploads\/2018\/11\/double-300x133.png 300w, http:\/\/www.be-right.eu\/wp-content\/uploads\/2018\/11\/double-768x340.png 768w, http:\/\/www.be-right.eu\/wp-content\/uploads\/2018\/11\/double-135x60.png 135w\" sizes=\"auto, (max-width: 900px) 100vw, 900px\" \/>\t\t\t\t\t\t\t\t\t\t\t<\/p>\n<h4>\n\t\t\t\t\tGestion des mises en services<br \/>\n\t\t\t\t<\/h4>\n<\/p>\n<ul>\n<li >\n\t\t\t\t\t\t\t\t\t\tIdentification sur base de la date anniversaire du contrat\n\t\t\t\t\t\t\t\t\t<\/li>\n<li >\n\t\t\t\t\t\t\t\t\t\tIdentification sur base de la date du dernier entretien\n\t\t\t\t\t\t\t\t\t<\/li>\n<li >\n\t\t\t\t\t\t\t\t\t\tCr\u00e9ation \u00e0 la demande\n\t\t\t\t\t\t\t\t\t<\/li>\n<li >\n\t\t\t\t\t\t\t\t\t\tConfirmation par SMS\n\t\t\t\t\t\t\t\t\t<\/li>\n<\/ul>\n<h4>\n\t\t\t\t\tGestion des contr\u00f4les<br \/>\n\t\t\t\t<\/h4>\n<\/p>\n<ul>\n<li >\n\t\t\t\t\t\t\t\t\t\tIdentification sur base de la date anniversaire du contrat\n\t\t\t\t\t\t\t\t\t<\/li>\n<li >\n\t\t\t\t\t\t\t\t\t\tIdentification sur base de la date du dernier entretien\n\t\t\t\t\t\t\t\t\t<\/li>\n<li >\n\t\t\t\t\t\t\t\t\t\tCr\u00e9ation \u00e0 la demande\n\t\t\t\t\t\t\t\t\t<\/li>\n<\/ul>\n<p>\t\t\t\t\t\t\t\t\t\t<img loading=\"lazy\" decoding=\"async\" width=\"900\" height=\"399\" src=\"http:\/\/www.be-right.eu\/wp-content\/uploads\/2018\/11\/double.png\" alt=\"\" srcset=\"http:\/\/www.be-right.eu\/wp-content\/uploads\/2018\/11\/double.png 900w, http:\/\/www.be-right.eu\/wp-content\/uploads\/2018\/11\/double-300x133.png 300w, http:\/\/www.be-right.eu\/wp-content\/uploads\/2018\/11\/double-768x340.png 768w, http:\/\/www.be-right.eu\/wp-content\/uploads\/2018\/11\/double-135x60.png 135w\" sizes=\"auto, (max-width: 900px) 100vw, 900px\" \/><br \/>\n\t\t\t\t\t\t\t\t\t\t<img loading=\"lazy\" decoding=\"async\" width=\"1065\" height=\"534\" src=\"http:\/\/www.be-right.eu\/wp-content\/uploads\/2018\/11\/CaptureTODOLIST.png\" alt=\"\" srcset=\"http:\/\/www.be-right.eu\/wp-content\/uploads\/2018\/11\/CaptureTODOLIST.png 1065w, http:\/\/www.be-right.eu\/wp-content\/uploads\/2018\/11\/CaptureTODOLIST-300x150.png 300w, http:\/\/www.be-right.eu\/wp-content\/uploads\/2018\/11\/CaptureTODOLIST-768x385.png 768w, http:\/\/www.be-right.eu\/wp-content\/uploads\/2018\/11\/CaptureTODOLIST-1024x513.png 1024w, http:\/\/www.be-right.eu\/wp-content\/uploads\/2018\/11\/CaptureTODOLIST-120x60.png 120w\" sizes=\"auto, (max-width: 1065px) 100vw, 1065px\" \/>\t\t\t\t\t\t\t\t\t\t\t<\/p>\n<h4>\n\t\t\t\t\tGestion des t\u00e2ches administrative<br \/>\n\t\t\t\t<\/h4>\n<\/p>\n<ul>\n<li >\n\t\t\t\t\t\t\t\t\t\tGestion des planning techniciens\n\t\t\t\t\t\t\t\t\t<\/li>\n<li >\n\t\t\t\t\t\t\t\t\t\tT\u00e2ches en attente\n\t\t\t\t\t\t\t\t\t<\/li>\n<li >\n\t\t\t\t\t\t\t\t\t\tFacturation\n\t\t\t\t\t\t\t\t\t<\/li>\n<li >\n\t\t\t\t\t\t\t\t\t\tGestion de stock\n\t\t\t\t\t\t\t\t\t<\/li>\n<\/ul>\n<h4>\n\t\t\t\t\tGestion des visites prospect pour offre et devis<br \/>\n\t\t\t\t<\/h4>\n<\/p>\n<ul>\n<li >\n\t\t\t\t\t\t\t\t\t\tIdentification sur base de la date anniversaire du contrat\n\t\t\t\t\t\t\t\t\t<\/li>\n<li >\n\t\t\t\t\t\t\t\t\t\tIdentification sur base de la date du dernier entretien\n\t\t\t\t\t\t\t\t\t<\/li>\n<\/ul>\n<p>\t\t\t\t\t\t\t\t\t\t<img loading=\"lazy\" decoding=\"async\" width=\"1645\" height=\"875\" src=\"http:\/\/www.be-right.eu\/wp-content\/uploads\/2018\/11\/CaptureComOffreArticle.png\" alt=\"\" srcset=\"http:\/\/www.be-right.eu\/wp-content\/uploads\/2018\/11\/CaptureComOffreArticle.png 1645w, http:\/\/www.be-right.eu\/wp-content\/uploads\/2018\/11\/CaptureComOffreArticle-300x160.png 300w, http:\/\/www.be-right.eu\/wp-content\/uploads\/2018\/11\/CaptureComOffreArticle-768x409.png 768w, http:\/\/www.be-right.eu\/wp-content\/uploads\/2018\/11\/CaptureComOffreArticle-1024x545.png 1024w, http:\/\/www.be-right.eu\/wp-content\/uploads\/2018\/11\/CaptureComOffreArticle-113x60.png 113w\" sizes=\"auto, (max-width: 1645px) 100vw, 1645px\" \/><\/p>\n","protected":false},"excerpt":{"rendered":"<p>BR-Time : un planning pour vos chantiers Gestion des entretiens Identification sur base de la date anniversaire du contrat Identification sur base de la date du dernier entretien Rapport tablette Confirmation par SMS Liaison du mat\u00e9riel \u00e0 facturer Gestion des d\u00e9pannages Rapport tablette Liason du mat\u00e9riel \u00e0 facturer Confirmation par SMS Gestion des chantiers Carte &hellip; <\/p>\n","protected":false},"author":1,"featured_media":0,"parent":70,"menu_order":1,"comment_status":"closed","ping_status":"closed","template":"","meta":{"footnotes":""},"class_list":["post-139","page","type-page","status-publish","hentry","latest_post"],"jetpack_sharing_enabled":true,"_links":{"self":[{"href":"https:\/\/www.be-right.eu\/index.php\/wp-json\/wp\/v2\/pages\/139","targetHints":{"allow":["GET"]}}],"collection":[{"href":"https:\/\/www.be-right.eu\/index.php\/wp-json\/wp\/v2\/pages"}],"about":[{"href":"https:\/\/www.be-right.eu\/index.php\/wp-json\/wp\/v2\/types\/page"}],"author":[{"embeddable":true,"href":"https:\/\/www.be-right.eu\/index.php\/wp-json\/wp\/v2\/users\/1"}],"replies":[{"embeddable":true,"href":"https:\/\/www.be-right.eu\/index.php\/wp-json\/wp\/v2\/comments?post=139"}],"version-history":[{"count":20,"href":"https:\/\/www.be-right.eu\/index.php\/wp-json\/wp\/v2\/pages\/139\/revisions"}],"predecessor-version":[{"id":439,"href":"https:\/\/www.be-right.eu\/index.php\/wp-json\/wp\/v2\/pages\/139\/revisions\/439"}],"up":[{"embeddable":true,"href":"https:\/\/www.be-right.eu\/index.php\/wp-json\/wp\/v2\/pages\/70"}],"wp:attachment":[{"href":"https:\/\/www.be-right.eu\/index.php\/wp-json\/wp\/v2\/media?parent=139"}],"curies":[{"name":"wp","href":"https:\/\/api.w.org\/{rel}","templated":true}]}}